{"id":13,"date":"2023-08-22T18:01:17","date_gmt":"2023-08-22T21:01:17","guid":{"rendered":"https:\/\/drjuliocesarortodontia.com.br\/?page_id=13"},"modified":"2023-08-22T18:01:17","modified_gmt":"2023-08-22T21:01:17","slug":"contato","status":"publish","type":"page","link":"https:\/\/drjuliocesarortodontia.com.br\/?page_id=13","title":{"rendered":"Contato"},"content":{"rendered":"\n<p>Esta \u00e9 uma p\u00e1gina com algumas informa\u00e7\u00f5es b\u00e1sicas de contato, como um endere\u00e7o e n\u00famero de telefone. Voc\u00ea tamb\u00e9m pode experimentar usar um plugin para adicionar um formul\u00e1rio de contato.<\/p>\n","protected":false},"excerpt":{"rendered":"<p>Esta \u00e9 uma p\u00e1gina com algumas informa\u00e7\u00f5es b\u00e1sicas de contato, como um endere\u00e7o e n\u00famero de telefone. Voc\u00ea tamb\u00e9m pode experimentar usar um plugin para adicionar um formul\u00e1rio de contato.<\/p>\n","protected":false},"author":1,"featured_media":0,"parent":0,"menu_order":0,"comment_status":"closed","ping_status":"closed","template":"","meta":{"site-sidebar-layout":"default","site-content-layout":"","ast-site-content-layout":"","site-content-style":"default","site-sidebar-style":"default","ast-global-header-display":"","ast-banner-title-visibility":"","ast-main-header-display":"","ast-hfb-above-header-display":"","ast-hfb-below-header-display":"","ast-hfb-mobile-header-display":"","site-post-title":"","ast-breadcrumbs-content":"","ast-featured-img":"","footer-sml-layout":"","theme-transparent-header-meta":"","adv-header-id-meta":"","stick-header-meta":"","header-above-stick-meta":"","header-main-stick-meta":"","header-below-stick-meta":"","astra-migrate-meta-layouts":"","footnotes":""},"_links":{"self":[{"href":"https:\/\/drjuliocesarortodontia.com.br\/index.php?rest_route=\/wp\/v2\/pages\/13"}],"collection":[{"href":"https:\/\/drjuliocesarortodontia.com.br\/index.php?rest_route=\/wp\/v2\/pages"}],"about":[{"href":"https:\/\/drjuliocesarortodontia.com.br\/index.php?rest_route=\/wp\/v2\/types\/page"}],"author":[{"embeddable":true,"href":"https:\/\/drjuliocesarortodontia.com.br\/index.php?rest_route=\/wp\/v2\/users\/1"}],"replies":[{"embeddable":true,"href":"https:\/\/drjuliocesarortodontia.com.br\/index.php?rest_route=%2Fwp%2Fv2%2Fcomments&post=13"}],"version-history":[{"count":1,"href":"https:\/\/drjuliocesarortodontia.com.br\/index.php?rest_route=\/wp\/v2\/pages\/13\/revisions"}],"predecessor-version":[{"id":20,"href":"https:\/\/drjuliocesarortodontia.com.br\/index.php?rest_route=\/wp\/v2\/pages\/13\/revisions\/20"}],"wp:attachment":[{"href":"https:\/\/drjuliocesarortodontia.com.br\/index.php?rest_route=%2Fwp%2Fv2%2Fmedia&parent=13"}],"curies":[{"name":"wp","href":"https:\/\/api.w.org\/{rel}","templated":true}]}}